{"id":106,"date":"2021-09-09T11:49:36","date_gmt":"2021-09-09T15:49:36","guid":{"rendered":"https:\/\/casim.ca\/call-for-papers\/"},"modified":"2022-05-09T16:33:06","modified_gmt":"2022-05-09T20:33:06","slug":"conference_schedule","status":"publish","type":"page","link":"https:\/\/casim.ca\/fr\/conference_schedule\/","title":{"rendered":"Horaire du colloque"},"content":{"rendered":"[vc_row type=\u00a0\u00bbin_container\u00a0\u00bb full_screen_row_position=\u00a0\u00bbmiddle\u00a0\u00bb column_margin=\u00a0\u00bbdefault\u00a0\u00bb column_direction=\u00a0\u00bbdefault\u00a0\u00bb column_direction_tablet=\u00a0\u00bbdefault\u00a0\u00bb column_direction_phone=\u00a0\u00bbdefault\u00a0\u00bb scene_position=\u00a0\u00bbcenter\u00a0\u00bb text_color=\u00a0\u00bbdark\u00a0\u00bb text_align=\u00a0\u00bbleft\u00a0\u00bb row_border_radius=\u00a0\u00bbnone\u00a0\u00bb row_border_radius_applies=\u00a0\u00bbbg\u00a0\u00bb overlay_strength=\u00a0\u00bb0.3&Prime; gradient_direction=\u00a0\u00bbleft_to_right\u00a0\u00bb shape_divider_position=\u00a0\u00bbbottom\u00a0\u00bb bg_image_animation=\u00a0\u00bbnone\u00a0\u00bb][vc_column column_padding=\u00a0\u00bbno-extra-padding\u00a0\u00bb column_padding_tablet=\u00a0\u00bbinherit\u00a0\u00bb column_padding_phone=\u00a0\u00bbinherit\u00a0\u00bb column_padding_position=\u00a0\u00bball\u00a0\u00bb column_element_spacing=\u00a0\u00bbdefault\u00a0\u00bb background_color_opacity=\u00a0\u00bb1&Prime; background_hover_color_opacity=\u00a0\u00bb1&Prime; column_shadow=\u00a0\u00bbnone\u00a0\u00bb column_border_radius=\u00a0\u00bbnone\u00a0\u00bb column_link_target=\u00a0\u00bb_self\u00a0\u00bb gradient_direction=\u00a0\u00bbleft_to_right\u00a0\u00bb overlay_strength=\u00a0\u00bb0.3&Prime; width=\u00a0\u00bb1\/1&Prime; tablet_width_inherit=\u00a0\u00bbdefault\u00a0\u00bb tablet_text_alignment=\u00a0\u00bbdefault\u00a0\u00bb phone_text_alignment=\u00a0\u00bbdefault\u00a0\u00bb bg_image_animation=\u00a0\u00bbnone\u00a0\u00bb border_type=\u00a0\u00bbsimple\u00a0\u00bb column_border_width=\u00a0\u00bbnone\u00a0\u00bb column_border_style=\u00a0\u00bbsolid\u00a0\u00bb][vc_custom_heading text=\u00a0\u00bbHoraire du colloque inaugural de l&rsquo;ACEIMM 2022&Prime;][\/vc_column][\/vc_row][vc_row type=\u00a0\u00bbin_container\u00a0\u00bb full_screen_row_position=\u00a0\u00bbmiddle\u00a0\u00bb column_margin=\u00a0\u00bbdefault\u00a0\u00bb column_direction=\u00a0\u00bbdefault\u00a0\u00bb column_direction_tablet=\u00a0\u00bbdefault\u00a0\u00bb column_direction_phone=\u00a0\u00bbdefault\u00a0\u00bb scene_position=\u00a0\u00bbcenter\u00a0\u00bb text_color=\u00a0\u00bbdark\u00a0\u00bb text_align=\u00a0\u00bbleft\u00a0\u00bb row_border_radius=\u00a0\u00bbnone\u00a0\u00bb row_border_radius_applies=\u00a0\u00bbbg\u00a0\u00bb overlay_strength=\u00a0\u00bb0.3&Prime; gradient_direction=\u00a0\u00bbleft_to_right\u00a0\u00bb shape_divider_position=\u00a0\u00bbbottom\u00a0\u00bb bg_image_animation=\u00a0\u00bbnone\u00a0\u00bb][vc_column column_padding=\u00a0\u00bbno-extra-padding\u00a0\u00bb column_padding_tablet=\u00a0\u00bbinherit\u00a0\u00bb column_padding_phone=\u00a0\u00bbinherit\u00a0\u00bb column_padding_position=\u00a0\u00bball\u00a0\u00bb column_element_spacing=\u00a0\u00bbdefault\u00a0\u00bb background_color_opacity=\u00a0\u00bb1&Prime; background_hover_color_opacity=\u00a0\u00bb1&Prime; column_shadow=\u00a0\u00bbnone\u00a0\u00bb column_border_radius=\u00a0\u00bbnone\u00a0\u00bb column_link_target=\u00a0\u00bb_self\u00a0\u00bb gradient_direction=\u00a0\u00bbleft_to_right\u00a0\u00bb overlay_strength=\u00a0\u00bb0.3&Prime; width=\u00a0\u00bb1\/1&Prime; tablet_width_inherit=\u00a0\u00bbdefault\u00a0\u00bb tablet_text_alignment=\u00a0\u00bbdefault\u00a0\u00bb phone_text_alignment=\u00a0\u00bbdefault\u00a0\u00bb bg_image_animation=\u00a0\u00bbnone\u00a0\u00bb border_type=\u00a0\u00bbsimple\u00a0\u00bb column_border_width=\u00a0\u00bbnone\u00a0\u00bb column_border_style=\u00a0\u00bbsolid\u00a0\u00bb][vc_column_text]CIBC Hall, McMaster University Student Centre, 3e \u00e9tage<\/p>\n<p>26 et 27 mai 2022<\/p>\n<p><strong>Jour 1 (Jeudi le 26 Mai)<\/strong><\/p>\n<p><strong>8h30-9h, caf\u00e9 + patisseries<\/strong><\/p>\n<p><strong>9h-9h15 commentaires d&rsquo;ouverture<\/strong><\/p>\n<ul>\n<li>Youcef Soufi, Pr\u00e9sident de l\u2019ACEIMM<\/li>\n<li>Basit Kareem Iqbal, Coordinateur des \u00e9venements pour l\u2019ACEIMM<\/li>\n<\/ul>\n<p><strong>9h15-11h S\u00e9ance 1 x 2 panels<\/strong><\/p>\n<p><em>Panel A: Pol\u00e9miques pr\u00e9modernes<\/em><\/p>\n<p>Pr\u00e9sidente de s\u00e9ance: Sara Abdel-Latif (Institute of Islamic Studies, McGill University)<\/p>\n<ul>\n<li>Arafat Razzaque (Near &amp; Middle Eastern Civilizations, University of Toronto), \u201cHadith and the Embodiment of Piety at the Dawn of Islamic Ethics\u201d<\/li>\n<li>Massoud Vahedi (en ligne) (Political Science, York University), \u201cThe Early Coffee Wars: Scholarly Debates Concerning the Permissibility of Coffee in the Islamic World\u201d<\/li>\n<li>Noah H. Taj (Religion &amp; Public Life, Carleton University), \u201cIbn Kam\u0101l\u2019s Fatwa on Ibn \u02bfArab\u012b: A Study and Translation\u201d<\/li>\n<li>Nadir Ansari (Near &amp; Middle Eastern Civilizations, University of Toronto), \u201cThe Delegitimizing Role of the Beginnings\u201d<\/li>\n<\/ul>\n<p><em>Panel B: Autorit\u00e9 ethnographique<\/em><\/p>\n<p>Pr\u00e9sidente de s\u00e9ance: Catherine Larouche (Anthropologie, Universit\u00e9 Laval)<\/p>\n<ul>\n<li>Sara Hamed (Study of Religion, University of Toronto), \u201cAlif, \u2018Arif, Kalif: Canadian Islamic Organizations, Dawah, and the Paradox of Organizational Intimacy\u201d<\/li>\n<li>Arwa Hussain (Religions and Cultures, Concordia University), \u201cReligious Teaching Aids for Children: A Case Study of Female Bohra Entrepreneurs\u201d<\/li>\n<li>Jean-Michel Landry (en ligne) (Sociology\/Anthropology, Carleton University), \u201cIjtihadic Questions\u201d<\/li>\n<li>Fachrizal Halim St Thomas More College, University of Saskatchewan), \u201cHeretics or Equally Islamic: How the Isma\u02bfilis, \u02bfAlawis, and Druze define \u2018Islamic\u2019 Rituals and Practices\u201d<\/li>\n<\/ul>\n<p><strong>11h-11h15 Pause caf\u00e9 <\/strong><\/p>\n<p><strong>11h15-13h S\u00e9ance 2 x 2 panels<\/strong><\/p>\n<p><em>Panel A: Identit\u00e9s politicis\u00e9es<\/em><\/p>\n<p>Pr\u00e9sident de s\u00e9ance: Youcef Soufi (Institute of Islamic Studies, University of Toronto)<\/p>\n<ul>\n<li>Mehdi Rezania (Music, University of Alberta), \u201cTarab and\/or Toqy\u0101n: Music, Politics and [Western] Media in the Context of Contemporary Iranian Society\u201d<\/li>\n<li>Ehsan Kashfi (Political Science, University of Alberta), \u201cThe Discursive and Commemorative Construction of Shia Identity in Post-revolutionary Iran\u201d<\/li>\n<li>Philippe Sannier (Histoire, Universit\u00e9 de Montr\u00e9al) (en ligne), \u00ab Chute et disgr\u00e2ce des Barmakides (803) : \u00e9l\u00e9ments de compr\u00e9hension et pistes de r\u00e9flexion \u00bb<\/li>\n<li>Sarah Ouadfel (Anthropologie, Universit\u00e9 de Montr\u00e9al), \u201cLes r\u00e9seaux sociaux et familiaux comme facteurs de la r\u00e9ussite professionnelle chez les femmes immigrantes et musulmanes d\u2019origine maghr\u00e9bine \u00e0 Montr\u00e9al\u201d<\/li>\n<\/ul>\n<p><em>Panel B: \u00c9tudes sur l&rsquo;Islamophobie<\/em><\/p>\n<p>Pr\u00e9sident de s\u00e9ance: Basit Kareem Iqbal (Anthropology, McMaster University)<\/p>\n<ul>\n<li>Arij Elmi (Social Work, McMaster University), \u201cCuties, Blackness, and the Problem of Islamophobia: Re-hierarchizing relations of being towards a theory of Black Muslimness\u201d<\/li>\n<li>Zeinab Diab (Institut d\u2019\u00e9tudes religieuses, Universit\u00e9 de Montr\u00e9al), \u201cBill 21 in a Conceptual Ecosystem of Otherness: Between Omnipresence and Absence(s)\u201d<\/li>\n<li>Mahdi Tourage (Religion, Social Justice and Peace Studies, King\u2019s College, Western University), \u201cWounds as Volatile Sites of Meaning Production: Notes on the Wounded and Injured Canadian Soldiers Portrayed in the Museum London Exhibition\u201d<\/li>\n<li>Krista Riley (Equity, Accessibility, and Academic Programs, Vanier College) and Leila Bdeir (Humanities and Women and Gender Studies, Vanier College), \u201cParticipatory Action Research with Muslim Youth in Quebec\u201d<\/li>\n<\/ul>\n<p><strong>13h-14h Diner<\/strong><\/p>\n<p><strong>14h-15:30h Table ronde sur le th\u00e8me des \u00ab\u00a0commencements\u00a0\u00bb dans l\u2019\u00e9tude de l\u2019islam et des musulmans et musulmanes<\/strong><\/p>\n<p>Pr\u00e9sidente de s\u00e9ance: Jairan Gahan, Charg\u00e9e des communications pour l\u2019ACEIMM<\/p>\n<p>Pan\u00e9listes:<\/p>\n<ul>\n<li>Elizabeth Alexandrin (Religion, University of Manitoba)<\/li>\n<li>Anver Emon (Law; Institute of Islamic Studies, University of Toronto)<\/li>\n<li>Colin Mitchell (History, Dalhousie University)<\/li>\n<li>Geraldine Mossi\u00e8re (en ligne) (Institut d\u2019\u00e9tudes religieuses, Universit\u00e9 de Montreal)<\/li>\n<li>Armando Salvatore (Religious Studies, McGill University)<\/li>\n<li>Jennifer Selby (Religious Studies, Memorial University)<\/li>\n<li>Liyakat Takim (en ligne) (Religious Studies, McMaster University)<\/li>\n<\/ul>\n<p><strong>15:30h-15:45h Pause caf\u00e9 <\/strong><\/p>\n<p><strong>15:45-17h CASIM Assembl\u00e9e G\u00e9n\u00e9rale de l&rsquo;ACEIMM<\/strong><\/p>\n<p>Pr\u00e9sidente de la r\u00e9union: Sara Abdel-Latif, Secr\u00e9taire de l\u2019ACEIMM<\/p>\n<p><strong>17h Souper<\/strong><\/p>\n<p><strong>Jour 2 (Vendredi, le 27 mai)<\/strong><\/p>\n<p><strong>8h45-9h15 caf\u00e9 + patisseries<\/strong><\/p>\n<p><strong>\u00a0<\/strong><strong>9h15-11h S\u00e9ance 3 x 2 panels <\/strong><\/p>\n<p><em>Panel A: Discussion du livre <\/em>Producing Islam(s) in Canada Part I: State of the Field and Future Trends<\/p>\n<p>Pr\u00e9sidente de s\u00e9ance: Melanie Adrian (Law and Legal Studies, Carleton University)<\/p>\n<p>Pan\u00e9listes:<\/p>\n<ul>\n<li>Natasha Bakht (en ligne) (Law, University of Ottawa)<\/li>\n<li>Rehan Sayeed (Anthropology, McGill University)<\/li>\n<li>Anver Emon (Law; Director, Institute of Islamic Studies, University of Toronto)<\/li>\n<li>Sahver Kuzucuoglu (en ligne) (Anthropology, Wilfred Laurier University)<\/li>\n<li>Schirin Amir-Moazami (en ligne) (Institute of Islamic Studies, Frei Universit\u00e4t Berlin)<\/li>\n<\/ul>\n<p>R\u00e9pondents:<\/p>\n<ul>\n<li>Armando Salvatore (Religious Studies, McGill University)<\/li>\n<li>Youcef Soufi (Institute of Islamic Studies, University of Toronto)<\/li>\n<\/ul>\n<p><em>Panel B: Diasporic and Transnational Relations<\/em><\/p>\n<p>Pr\u00e9sidente de s\u00e9ance: Jairan Gahan (History, University of Alberta)<\/p>\n<ul>\n<li>Youssef Benzouine (en ligne) (Science Politique, Universit\u00e9 de Montr\u00e9al), \u00ab Les masculinit\u00e9s des hommes musulmans issus de la diaspora au Qu\u00e9bec \u00bb<\/li>\n<li>Zohreh Bayat Rizi (Sociology, University of Alberta), Rezvaneh Erfani (Sociology, University of Alberta), and Samira Torabi (Anthropology, University of Alberta), \u201cGrieving in a Liminal Space: Examining the Impact of Emotional and Spatial In-between-ness on the Grieving Iranian Diaspora in the Aftermath of the Downing of Flight PS752\u201d<\/li>\n<li>Sharifa Patel (Canadian Studies, Mount Allison University), \u201cReimagining Kinship\u201d<\/li>\n<li>Hamid Akbary (Sociology, University of Calgary) and Dr. Abdie Kazemipur (Sociology, University of Calgary), \u201cMuslim Men and the Liberal Gender Norms: The Inadequacy of Jurisprudential Debates and the Relevance of Social Experiences\u201d<\/li>\n<\/ul>\n<p><strong>11h-11h15 Pause caf\u00e9 <\/strong><\/p>\n<p><strong>11h15-13h S\u00e9ance 4 x 2 panels<\/strong><\/p>\n<p><em>Panel A: Discussion du livre <\/em>Producing Islams in Canada Part II: Positionality and Research Methods<\/p>\n<p>Pr\u00e9sidente de s\u00e9ance: Am\u00e9lie Barras (Social Science, York University)<\/p>\n<p>Pan\u00e9listes:<\/p>\n<ul>\n<li>Geraldine Mossi\u00e8re (en ligne) (Institut d\u2019\u00e9tudes religieuses, Universit\u00e9 de Montr\u00e9al)<\/li>\n<li>Roshan Arah Jahangeer (Political Science, York University)<\/li>\n<li>Rachel Brown (en ligne) (Anthropology, University of Victoria)<\/li>\n<li>Mehmet Ali Basak (en ligne) (Classics\/Religious Studies, University of Ottawa)<\/li>\n<li>Jennifer Selby (Religious Studies, Memorial University)<\/li>\n<li>Sara Hamed (Religious Studies, University of Toronto)<\/li>\n<\/ul>\n<p>R\u00e9pondents:<\/p>\n<ul>\n<li>Basit Kareem Iqbal (Anthropology, McMaster University)<\/li>\n<li>Catherine Larouche (Anthropology, Universit\u00e9 Laval)<\/li>\n<\/ul>\n<p><em>Panel B: Committed but not Pious? Emerging Gendered Ways of Being a \u201cGood Muslim\u201d<\/em><\/p>\n<p>Chair: Sara Abdel-Latif (Institute of Islamic Studies, McGill University)<\/p>\n<ul>\n<li>Joseph Hill (en ligne) (Anthropology, University of Alberta), \u201cThe Pious Sufi Gangster Rapper\u201d<\/li>\n<li>Samira Torabi (en ligne) (Anthropology, University of Alberta), \u201cIt\u2019s Illegal But It\u2019s Halal\u201d<\/li>\n<li>Hande Gu\u0308r (en ligne) (Anthropology, University of Alberta), \u201c\u2018Pious\u2019 but Not \u2018Religious\u2019\u201d<\/li>\n<li>Nazia Binte Mahmud (en ligne) (Anthropology, University of Alberta), \u201cFaithful Stories: Delineating Mazar Culture in Bangladesh\u201d<\/li>\n<\/ul>\n<p><strong>13h-14h15 diner <\/strong><\/p>\n<p><strong>14h:15-16h Session 5 x 2 panels<\/strong><\/p>\n<p><em>Panel A: Discussion du livre <\/em>Leaving Iberia<\/p>\n<p>Pr\u00e9sidente de s\u00e9ance: Jairan Gahan (History, University of Alberta)<\/p>\n<ul>\n<li>Jocelyn Hendrickson (History, University of Alberta) with Anver Emon (Law; Institute of Islamic Studies, University of Toronto)<\/li>\n<\/ul>\n<p><em>Panel B: Theory\/Analysis\/Institutions<\/em><\/p>\n<p>Pr\u00e9sidente de s\u00e9ance: Catherine Larouche (Anthropology, Universit\u00e9 Laval)<\/p>\n<ul>\n<li>M. Shobhana Xavier (Religion, Queen\u2019s University), \u201cBetween Islamic Mysticism and Popular Spirituality: Mapping the Beginnings of Sufism in Canada\u201d<\/li>\n<li>Armando Salvatore (Religious Studies, McGill University) and Kieko Obuse (Kobe City University of Foreign Studies; Religious Studies, McGill University), \u201cAmbivalent Beginnings in Canadian Islamic Studies: Wilfred Cantwell Smith and Toshihiko Izutsu at McGill\u201d<\/li>\n<li>Emily Hanlon (Classics and Religious Studies, University of Ottawa), \u201cSufism, Sufi-Adjacent, or Something Else? Gurdjieff&rsquo;s Legacy in Canada\u201d<\/li>\n<li>Mohannad Abusarah (Study of Religion, University of Toronto), \u201cNew Beginnings in New Formations: A Theoretical Framework to Beginnings\u201d<\/li>\n<\/ul>\n<p><strong>4-4:30 Commentaires de cl\u00f4ture<\/strong>[\/vc_column_text][\/vc_column][\/vc_row]\n","protected":false},"excerpt":{"rendered":"<p>[vc_row type=\u00a0\u00bbin_container\u00a0\u00bb full_screen_row_position=\u00a0\u00bbmiddle\u00a0\u00bb column_margin=\u00a0\u00bbdefault\u00a0\u00bb column_direction=\u00a0\u00bbdefault\u00a0\u00bb column_direction_tablet=\u00a0\u00bbdefault\u00a0\u00bb column_direction_phone=\u00a0\u00bbdefault\u00a0\u00bb scene_position=\u00a0\u00bbcenter\u00a0\u00bb text_color=\u00a0\u00bbdark\u00a0\u00bb text_align=\u00a0\u00bbleft\u00a0\u00bb row_border_radius=\u00a0\u00bbnone\u00a0\u00bb row_border_radius_applies=\u00a0\u00bbbg\u00a0\u00bb overlay_strength=\u00a0\u00bb0.3&Prime; gradient_direction=\u00a0\u00bbleft_to_right\u00a0\u00bb shape_divider_position=\u00a0\u00bbbottom\u00a0\u00bb bg_image_animation=\u00a0\u00bbnone\u00a0\u00bb][vc_column column_padding=\u00a0\u00bbno-extra-padding\u00a0\u00bb column_padding_tablet=\u00a0\u00bbinherit\u00a0\u00bb column_padding_phone=\u00a0\u00bbinherit\u00a0\u00bb column_padding_position=\u00a0\u00bball\u00a0\u00bb column_element_spacing=\u00a0\u00bbdefault\u00a0\u00bb background_color_opacity=\u00a0\u00bb1&Prime; background_hover_color_opacity=\u00a0\u00bb1&Prime; column_shadow=\u00a0\u00bbnone\u00a0\u00bb column_border_radius=\u00a0\u00bbnone\u00a0\u00bb column_link_target=\u00a0\u00bb_self\u00a0\u00bb gradient_direction=\u00a0\u00bbleft_to_right\u00a0\u00bb overlay_strength=\u00a0\u00bb0.3&Prime; width=\u00a0\u00bb1\/1&Prime; tablet_width_inherit=\u00a0\u00bbdefault\u00a0\u00bb&#8230;<\/p>\n","protected":false},"author":2,"featured_media":0,"parent":0,"menu_order":0,"comment_status":"closed","ping_status":"closed","template":"","meta":{"footnotes":""},"class_list":["post-106","page","type-page","status-publish"],"_links":{"self":[{"href":"https:\/\/casim.ca\/fr\/wp-json\/wp\/v2\/pages\/106","targetHints":{"allow":["GET"]}}],"collection":[{"href":"https:\/\/casim.ca\/fr\/wp-json\/wp\/v2\/pages"}],"about":[{"href":"https:\/\/casim.ca\/fr\/wp-json\/wp\/v2\/types\/page"}],"author":[{"embeddable":true,"href":"https:\/\/casim.ca\/fr\/wp-json\/wp\/v2\/users\/2"}],"replies":[{"embeddable":true,"href":"https:\/\/casim.ca\/fr\/wp-json\/wp\/v2\/comments?post=106"}],"version-history":[{"count":10,"href":"https:\/\/casim.ca\/fr\/wp-json\/wp\/v2\/pages\/106\/revisions"}],"predecessor-version":[{"id":367,"href":"https:\/\/casim.ca\/fr\/wp-json\/wp\/v2\/pages\/106\/revisions\/367"}],"wp:attachment":[{"href":"https:\/\/casim.ca\/fr\/wp-json\/wp\/v2\/media?parent=106"}],"curies":[{"name":"wp","href":"https:\/\/api.w.org\/{rel}","templated":true}]}}