{"id":131,"date":"2021-09-13T15:57:29","date_gmt":"2021-09-13T19:57:29","guid":{"rendered":"https:\/\/casim.ca\/statement-of-equity\/"},"modified":"2021-12-08T11:19:47","modified_gmt":"2021-12-08T16:19:47","slug":"statement-of-equity","status":"publish","type":"page","link":"https:\/\/casim.ca\/fr\/statement-of-equity\/","title":{"rendered":"D\u00e9claration en mati\u00e8re d&rsquo;\u00e9quit\u00e9"},"content":{"rendered":"[vc_row type=\u00a0\u00bbin_container\u00a0\u00bb full_screen_row_position=\u00a0\u00bbmiddle\u00a0\u00bb column_margin=\u00a0\u00bbdefault\u00a0\u00bb column_direction=\u00a0\u00bbdefault\u00a0\u00bb column_direction_tablet=\u00a0\u00bbdefault\u00a0\u00bb column_direction_phone=\u00a0\u00bbdefault\u00a0\u00bb scene_position=\u00a0\u00bbcenter\u00a0\u00bb top_padding=\u00a0\u00bb3%\u00a0\u00bb text_color=\u00a0\u00bbdark\u00a0\u00bb text_align=\u00a0\u00bbleft\u00a0\u00bb row_border_radius=\u00a0\u00bbnone\u00a0\u00bb row_border_radius_applies=\u00a0\u00bbbg\u00a0\u00bb overlay_strength=\u00a0\u00bb0.3&Prime; gradient_direction=\u00a0\u00bbleft_to_right\u00a0\u00bb shape_divider_position=\u00a0\u00bbbottom\u00a0\u00bb bg_image_animation=\u00a0\u00bbnone\u00a0\u00bb shape_type=\u00a0\u00bb\u00a0\u00bb][vc_column column_padding=\u00a0\u00bbno-extra-padding\u00a0\u00bb column_padding_tablet=\u00a0\u00bbinherit\u00a0\u00bb column_padding_phone=\u00a0\u00bbinherit\u00a0\u00bb column_padding_position=\u00a0\u00bball\u00a0\u00bb column_element_spacing=\u00a0\u00bbdefault\u00a0\u00bb background_color_opacity=\u00a0\u00bb1&Prime; background_hover_color_opacity=\u00a0\u00bb1&Prime; column_shadow=\u00a0\u00bbnone\u00a0\u00bb column_border_radius=\u00a0\u00bbnone\u00a0\u00bb column_link_target=\u00a0\u00bb_self\u00a0\u00bb gradient_direction=\u00a0\u00bbleft_to_right\u00a0\u00bb overlay_strength=\u00a0\u00bb0.3&Prime; width=\u00a0\u00bb1\/1&Prime; tablet_width_inherit=\u00a0\u00bbdefault\u00a0\u00bb tablet_text_alignment=\u00a0\u00bbdefault\u00a0\u00bb phone_text_alignment=\u00a0\u00bbdefault\u00a0\u00bb bg_image_animation=\u00a0\u00bbnone\u00a0\u00bb border_type=\u00a0\u00bbsimple\u00a0\u00bb column_border_width=\u00a0\u00bbnone\u00a0\u00bb column_border_style=\u00a0\u00bbsolid\u00a0\u00bb][vc_column_text]\n<p>\u00c0 CASIM, nous reconnaissons qu\u2019aucun espace n\u2019est exempt de relations de pouvoir, en particulier lorsqu\u2019il est question des axes historiques de l\u2019autochtonie, de la race, du sexe, de l\u2019orientation sexuelle et de la classe. Nous reconnaissons que la rectification des relations structurelles de pouvoir est un projet permanent auquel le conseil doit continuellement s\u2019attaquer en \u00e9laborant des strat\u00e9gies pour rep\u00e9rer les sites d\u2019exclusion au sein du milieu universitaire canadien et de CASIM elle-m\u00eame. En plus de cr\u00e9er un ethos culturel au sein duquel les membres du conseil pourront participer \u00e0 un \u00e9change ouvert sur ces questions, CASIM sera soumise \u00e0 des \u00e9valuations annuelles par un ou une consultante en mati\u00e8re de diversit\u00e9 et d\u2019inclusion.<\/p>\n<p>En tant qu\u2019association canadienne qui pr\u00e9voit travailler et se r\u00e9unir au Canada, CASIM offre un acc\u00e8s \u00e0 des sp\u00e9cialistes de l\u2019islam r\u00e9sidant dans le pays, qui sont soumis \u00e0 la surveillance de l\u2019\u00c9tat et \u00e0 des restrictions de voyage, plus particuli\u00e8rement aux \u00c9tats-Unis. De m\u00eame, en tant qu\u2019association canadienne, CASIM s\u2019efforcera d\u2019\u00e9tablir des relations avec les communaut\u00e9s autochtones de l\u2019\u00eele de la Tortue sur les terres desquelles nous travaillons et nous nous r\u00e9unissons. Nous nous engageons \u00e0 forger des partenariats avec les communaut\u00e9s, les a\u00een\u00e9s et les organisations autochtones afin d\u2019honorer les gardiens et gardiennes de cette terre et d\u2019utiliser notre plateforme pour agir en alli\u00e9.e.s des peuples autochtones.<\/p>\n<p>\u00c0 CASIM, nous reconnaissons que dans le cadre des tendances plus larges de la recherche sur l\u2019islam et les musulmans et musulmanes, l\u2019islam des communaut\u00e9s musulmanes noires en tant que champ d\u2019investigation a \u00e9t\u00e9 particuli\u00e8rement marginalis\u00e9. En mettant l\u2019accent sur ce sujet dans les ateliers de notre conf\u00e9rence et dans nos appels \u00e0 communications, ainsi qu\u2019en d\u00e9veloppant des r\u00e9seaux, des prix et d\u2019autres ressources pour les jeunes chercheurs et chercheuses, nous esp\u00e9rons impliquer activement les chercheurs et chercheuses sur l\u2019islam et les cultures musulmanes noires dans le cadre de notre engagement plus large \u00e0 tenir compte des formes d\u2019exclusion structurelle dans notre organisation.<\/p>\n<p><strong>\u00a0<\/strong><\/p>\n[\/vc_column_text][\/vc_column][\/vc_row]\n","protected":false},"excerpt":{"rendered":"<p>[vc_row type=\u00a0\u00bbin_container\u00a0\u00bb full_screen_row_position=\u00a0\u00bbmiddle\u00a0\u00bb column_margin=\u00a0\u00bbdefault\u00a0\u00bb column_direction=\u00a0\u00bbdefault\u00a0\u00bb column_direction_tablet=\u00a0\u00bbdefault\u00a0\u00bb column_direction_phone=\u00a0\u00bbdefault\u00a0\u00bb scene_position=\u00a0\u00bbcenter\u00a0\u00bb top_padding=\u00a0\u00bb3%\u00a0\u00bb text_color=\u00a0\u00bbdark\u00a0\u00bb text_align=\u00a0\u00bbleft\u00a0\u00bb row_border_radius=\u00a0\u00bbnone\u00a0\u00bb row_border_radius_applies=\u00a0\u00bbbg\u00a0\u00bb overlay_strength=\u00a0\u00bb0.3&Prime; gradient_direction=\u00a0\u00bbleft_to_right\u00a0\u00bb shape_divider_position=\u00a0\u00bbbottom\u00a0\u00bb bg_image_animation=\u00a0\u00bbnone\u00a0\u00bb shape_type=\u00a0\u00bb\u00a0\u00bb][vc_column column_padding=\u00a0\u00bbno-extra-padding\u00a0\u00bb column_padding_tablet=\u00a0\u00bbinherit\u00a0\u00bb column_padding_phone=\u00a0\u00bbinherit\u00a0\u00bb column_padding_position=\u00a0\u00bball\u00a0\u00bb column_element_spacing=\u00a0\u00bbdefault\u00a0\u00bb background_color_opacity=\u00a0\u00bb1&Prime; background_hover_color_opacity=\u00a0\u00bb1&Prime; column_shadow=\u00a0\u00bbnone\u00a0\u00bb column_border_radius=\u00a0\u00bbnone\u00a0\u00bb column_link_target=\u00a0\u00bb_self\u00a0\u00bb gradient_direction=\u00a0\u00bbleft_to_right\u00a0\u00bb overlay_strength=\u00a0\u00bb0.3&Prime;&#8230;<\/p>\n","protected":false},"author":2,"featured_media":0,"parent":0,"menu_order":0,"comment_status":"closed","ping_status":"closed","template":"","meta":{"footnotes":""},"class_list":["post-131","page","type-page","status-publish"],"_links":{"self":[{"href":"https:\/\/casim.ca\/fr\/wp-json\/wp\/v2\/pages\/131","targetHints":{"allow":["GET"]}}],"collection":[{"href":"https:\/\/casim.ca\/fr\/wp-json\/wp\/v2\/pages"}],"about":[{"href":"https:\/\/casim.ca\/fr\/wp-json\/wp\/v2\/types\/page"}],"author":[{"embeddable":true,"href":"https:\/\/casim.ca\/fr\/wp-json\/wp\/v2\/users\/2"}],"replies":[{"embeddable":true,"href":"https:\/\/casim.ca\/fr\/wp-json\/wp\/v2\/comments?post=131"}],"version-history":[{"count":5,"href":"https:\/\/casim.ca\/fr\/wp-json\/wp\/v2\/pages\/131\/revisions"}],"predecessor-version":[{"id":188,"href":"https:\/\/casim.ca\/fr\/wp-json\/wp\/v2\/pages\/131\/revisions\/188"}],"wp:attachment":[{"href":"https:\/\/casim.ca\/fr\/wp-json\/wp\/v2\/media?parent=131"}],"curies":[{"name":"wp","href":"https:\/\/api.w.org\/{rel}","templated":true}]}}