{"id":271,"date":"2022-02-17T16:02:29","date_gmt":"2022-02-17T21:02:29","guid":{"rendered":"https:\/\/casim.ca\/membership\/"},"modified":"2022-04-03T22:51:56","modified_gmt":"2022-04-04T02:51:56","slug":"membership","status":"publish","type":"page","link":"https:\/\/casim.ca\/fr\/membership\/","title":{"rendered":"Membership"},"content":{"rendered":"[vc_row type=\u00a0\u00bbin_container\u00a0\u00bb full_screen_row_position=\u00a0\u00bbmiddle\u00a0\u00bb column_margin=\u00a0\u00bbdefault\u00a0\u00bb column_direction=\u00a0\u00bbdefault\u00a0\u00bb column_direction_tablet=\u00a0\u00bbdefault\u00a0\u00bb column_direction_phone=\u00a0\u00bbdefault\u00a0\u00bb scene_position=\u00a0\u00bbcenter\u00a0\u00bb top_padding=\u00a0\u00bb3%\u00a0\u00bb text_color=\u00a0\u00bbdark\u00a0\u00bb text_align=\u00a0\u00bbleft\u00a0\u00bb row_border_radius=\u00a0\u00bbnone\u00a0\u00bb row_border_radius_applies=\u00a0\u00bbbg\u00a0\u00bb overlay_strength=\u00a0\u00bb0.3&Prime; gradient_direction=\u00a0\u00bbleft_to_right\u00a0\u00bb shape_divider_position=\u00a0\u00bbbottom\u00a0\u00bb bg_image_animation=\u00a0\u00bbnone\u00a0\u00bb shape_type=\u00a0\u00bb\u00a0\u00bb][vc_column column_padding=\u00a0\u00bbno-extra-padding\u00a0\u00bb column_padding_tablet=\u00a0\u00bbinherit\u00a0\u00bb column_padding_phone=\u00a0\u00bbinherit\u00a0\u00bb column_padding_position=\u00a0\u00bball\u00a0\u00bb column_element_spacing=\u00a0\u00bbdefault\u00a0\u00bb background_color_opacity=\u00a0\u00bb1&Prime; background_hover_color_opacity=\u00a0\u00bb1&Prime; column_shadow=\u00a0\u00bbnone\u00a0\u00bb column_border_radius=\u00a0\u00bbnone\u00a0\u00bb column_link_target=\u00a0\u00bb_self\u00a0\u00bb gradient_direction=\u00a0\u00bbleft_to_right\u00a0\u00bb overlay_strength=\u00a0\u00bb0.3&Prime; width=\u00a0\u00bb1\/1&Prime; tablet_width_inherit=\u00a0\u00bbdefault\u00a0\u00bb tablet_text_alignment=\u00a0\u00bbdefault\u00a0\u00bb phone_text_alignment=\u00a0\u00bbdefault\u00a0\u00bb bg_image_animation=\u00a0\u00bbnone\u00a0\u00bb border_type=\u00a0\u00bbsimple\u00a0\u00bb column_border_width=\u00a0\u00bbnone\u00a0\u00bb column_border_style=\u00a0\u00bbsolid\u00a0\u00bb][vc_column_text]\n<h3 style=\"text-align: center;\">Veuillez s\u00e9lectionner votre type d&rsquo;adh\u00e9sion ci-dessous :<u><\/u><\/h3>\n[\/vc_column_text][\/vc_column][\/vc_row][vc_row type=\u00a0\u00bbfull_width_background\u00a0\u00bb full_screen_row_position=\u00a0\u00bbmiddle\u00a0\u00bb column_margin=\u00a0\u00bbdefault\u00a0\u00bb column_direction=\u00a0\u00bbdefault\u00a0\u00bb column_direction_tablet=\u00a0\u00bbdefault\u00a0\u00bb column_direction_phone=\u00a0\u00bbdefault\u00a0\u00bb bg_color=\u00a0\u00bb#ffffff\u00a0\u00bb scene_position=\u00a0\u00bbcenter\u00a0\u00bb bottom_padding=\u00a0\u00bb3%\u00a0\u00bb text_color=\u00a0\u00bbdark\u00a0\u00bb text_align=\u00a0\u00bbleft\u00a0\u00bb row_border_radius=\u00a0\u00bbnone\u00a0\u00bb row_border_radius_applies=\u00a0\u00bbbg\u00a0\u00bb overlay_strength=\u00a0\u00bb0.8&Prime; gradient_direction=\u00a0\u00bbleft_to_right\u00a0\u00bb shape_divider_position=\u00a0\u00bbbottom\u00a0\u00bb bg_image_animation=\u00a0\u00bbnone\u00a0\u00bb shape_type=\u00a0\u00bb\u00a0\u00bb][vc_column column_padding=\u00a0\u00bbno-extra-padding\u00a0\u00bb column_padding_tablet=\u00a0\u00bbinherit\u00a0\u00bb column_padding_phone=\u00a0\u00bbinherit\u00a0\u00bb column_padding_position=\u00a0\u00bball\u00a0\u00bb column_element_spacing=\u00a0\u00bbdefault\u00a0\u00bb background_color_opacity=\u00a0\u00bb1&Prime; background_hover_color_opacity=\u00a0\u00bb1&Prime; column_shadow=\u00a0\u00bbnone\u00a0\u00bb column_border_radius=\u00a0\u00bbnone\u00a0\u00bb column_link_target=\u00a0\u00bb_self\u00a0\u00bb gradient_direction=\u00a0\u00bbleft_to_right\u00a0\u00bb overlay_strength=\u00a0\u00bb0.3&Prime; width=\u00a0\u00bb1\/1&Prime; tablet_width_inherit=\u00a0\u00bbdefault\u00a0\u00bb tablet_text_alignment=\u00a0\u00bbdefault\u00a0\u00bb phone_text_alignment=\u00a0\u00bbdefault\u00a0\u00bb bg_image_animation=\u00a0\u00bbnone\u00a0\u00bb border_type=\u00a0\u00bbsimple\u00a0\u00bb column_border_width=\u00a0\u00bbnone\u00a0\u00bb column_border_style=\u00a0\u00bbsolid\u00a0\u00bb][nectar_horizontal_list_item columns=\u00a0\u00bb4&Prime; column_layout_using_4_columns=\u00a0\u00bblarge_first\u00a0\u00bb col_1_text_align=\u00a0\u00bbleft\u00a0\u00bb col_2_text_align=\u00a0\u00bbleft\u00a0\u00bb col_3_text_align=\u00a0\u00bbright\u00a0\u00bb col_4_text_align=\u00a0\u00bbright\u00a0\u00bb col_1_text_element=\u00a0\u00bbh3&Prime; col_2_text_element=\u00a0\u00bbp\u00a0\u00bb col_3_text_element=\u00a0\u00bbh4&Prime; col_4_text_element=\u00a0\u00bbp\u00a0\u00bb font_family=\u00a0\u00bbp\u00a0\u00bb hover_effect=\u00a0\u00bbfull_border\u00a0\u00bb hover_color=\u00a0\u00bbextra-color-1&Prime; border_radius=\u00a0\u00bbnone\u00a0\u00bb icon_family=\u00a0\u00bbiconsmind\u00a0\u00bb icon_size=\u00a0\u00bblarge\u00a0\u00bb col_1_content=\u00a0\u00bbMembres \u00e0 part enti\u00e8re\u00a0\u00bb col_2_content=\u00a0\u00bbFacult\u00e9 d&rsquo;une universit\u00e9 canadienne \u00a0\u00bb cta_1_text=\u00a0\u00bbJoin Now\u00a0\u00bb icon_iconsmind=\u00a0\u00bbiconsmind-Identification-Badge\u00a0\u00bb cta_1_url=\u00a0\u00bbhttps:\/\/casim.ca\/register\/full-member-faculty\/\u00a0\u00bb col_3_content=\u00a0\u00bb$250\/2ans\u00a0\u00bb][nectar_horizontal_list_item columns=\u00a0\u00bb4&Prime; column_layout_using_4_columns=\u00a0\u00bblarge_first\u00a0\u00bb col_1_text_align=\u00a0\u00bbleft\u00a0\u00bb col_2_text_align=\u00a0\u00bbleft\u00a0\u00bb col_3_text_align=\u00a0\u00bbright\u00a0\u00bb col_4_text_align=\u00a0\u00bbright\u00a0\u00bb col_1_text_element=\u00a0\u00bbh3&Prime; col_2_text_element=\u00a0\u00bbp\u00a0\u00bb col_3_text_element=\u00a0\u00bbh4&Prime; col_4_text_element=\u00a0\u00bbp\u00a0\u00bb font_family=\u00a0\u00bbp\u00a0\u00bb hover_effect=\u00a0\u00bbfull_border\u00a0\u00bb hover_color=\u00a0\u00bbextra-color-1&Prime; border_radius=\u00a0\u00bbnone\u00a0\u00bb icon_family=\u00a0\u00bbiconsmind\u00a0\u00bb icon_size=\u00a0\u00bblarge\u00a0\u00bb col_1_content=\u00a0\u00bbMembres \u00e0 part enti\u00e8re\u00a0\u00bb col_2_content=\u00a0\u00bb\u00c9tudiant ou \u00c9tudiante dipl\u00f4m\u00e9 d&rsquo;une universit\u00e9 canadienne\u00a0\u00bb cta_1_text=\u00a0\u00bbJoin Now\u00a0\u00bb icon_iconsmind=\u00a0\u00bbiconsmind-Identification-Badge\u00a0\u00bb cta_1_url=\u00a0\u00bbhttps:\/\/casim.ca\/register\/full-member-graduate\/\u00a0\u00bb col_3_content=\u00a0\u00bb$140\/2ans\u00a0\u00bb][nectar_horizontal_list_item columns=\u00a0\u00bb4&Prime; column_layout_using_4_columns=\u00a0\u00bblarge_first\u00a0\u00bb col_1_text_align=\u00a0\u00bbleft\u00a0\u00bb col_2_text_align=\u00a0\u00bbleft\u00a0\u00bb col_3_text_align=\u00a0\u00bbright\u00a0\u00bb col_4_text_align=\u00a0\u00bbright\u00a0\u00bb col_1_text_element=\u00a0\u00bbh3&Prime; col_2_text_element=\u00a0\u00bbp\u00a0\u00bb col_3_text_element=\u00a0\u00bbh4&Prime; col_4_text_element=\u00a0\u00bbp\u00a0\u00bb font_family=\u00a0\u00bbp\u00a0\u00bb hover_effect=\u00a0\u00bbfull_border\u00a0\u00bb hover_color=\u00a0\u00bbextra-color-1&Prime; border_radius=\u00a0\u00bbnone\u00a0\u00bb icon_family=\u00a0\u00bbiconsmind\u00a0\u00bb icon_size=\u00a0\u00bblarge\u00a0\u00bb col_1_content=\u00a0\u00bbMembres \u00e0 part enti\u00e8re\u00a0\u00bb col_2_content=\u00a0\u00bbInstructeur \u00e0 temps partiel, postdoctoral, retrait\u00e9 ou affili\u00e9 acad\u00e9mique d&rsquo;une universit\u00e9 canadienne \u00a0\u00bb cta_1_text=\u00a0\u00bbJoin Now\u00a0\u00bb icon_iconsmind=\u00a0\u00bbiconsmind-Identification-Badge\u00a0\u00bb cta_1_url=\u00a0\u00bbhttps:\/\/casim.ca\/register\/full-member-sessional\/\u00a0\u00bb col_3_content=\u00a0\u00bb$180\/2ans\u00a0\u00bb][nectar_horizontal_list_item columns=\u00a0\u00bb4&Prime; column_layout_using_4_columns=\u00a0\u00bblarge_first\u00a0\u00bb col_1_text_align=\u00a0\u00bbleft\u00a0\u00bb col_2_text_align=\u00a0\u00bbleft\u00a0\u00bb col_3_text_align=\u00a0\u00bbright\u00a0\u00bb col_4_text_align=\u00a0\u00bbright\u00a0\u00bb col_1_text_element=\u00a0\u00bbh3&Prime; col_2_text_element=\u00a0\u00bbp\u00a0\u00bb col_3_text_element=\u00a0\u00bbh4&Prime; col_4_text_element=\u00a0\u00bbp\u00a0\u00bb font_family=\u00a0\u00bbp\u00a0\u00bb hover_effect=\u00a0\u00bbfull_border\u00a0\u00bb hover_color=\u00a0\u00bbextra-color-1&Prime; border_radius=\u00a0\u00bbnone\u00a0\u00bb icon_family=\u00a0\u00bbiconsmind\u00a0\u00bb icon_size=\u00a0\u00bblarge\u00a0\u00bb col_1_content=\u00a0\u00bbMembres \u00e9tudiants\u00a0\u00bb col_2_content=\u00a0\u00bb\u00c9tudiant ou \u00c9tudiante dipl\u00f4m\u00e9 d&rsquo;une universit\u00e9 canadienne d\u2019une institution non canadienne \u00a0\u00bb cta_1_text=\u00a0\u00bbJoin Now\u00a0\u00bb icon_iconsmind=\u00a0\u00bbiconsmind-Identification-Badge\u00a0\u00bb cta_1_url=\u00a0\u00bbhttps:\/\/casim.ca\/register\/student-member-graduate\/\u00a0\u00bb col_3_content=\u00a0\u00bb$140\/2ans\u00a0\u00bb][nectar_horizontal_list_item columns=\u00a0\u00bb4&Prime; column_layout_using_4_columns=\u00a0\u00bblarge_first\u00a0\u00bb col_1_text_align=\u00a0\u00bbleft\u00a0\u00bb col_2_text_align=\u00a0\u00bbleft\u00a0\u00bb col_3_text_align=\u00a0\u00bbright\u00a0\u00bb col_4_text_align=\u00a0\u00bbright\u00a0\u00bb col_1_text_element=\u00a0\u00bbh3&Prime; col_2_text_element=\u00a0\u00bbp\u00a0\u00bb col_3_text_element=\u00a0\u00bbh4&Prime; col_4_text_element=\u00a0\u00bbp\u00a0\u00bb font_family=\u00a0\u00bbp\u00a0\u00bb hover_effect=\u00a0\u00bbfull_border\u00a0\u00bb hover_color=\u00a0\u00bbextra-color-1&Prime; border_radius=\u00a0\u00bbnone\u00a0\u00bb icon_family=\u00a0\u00bbiconsmind\u00a0\u00bb icon_size=\u00a0\u00bblarge\u00a0\u00bb col_1_content=\u00a0\u00bbMembres \u00e9tudiants\u00a0\u00bb col_2_content=\u00a0\u00bb\u00c9tudiant de premier cycle (canadien ou non canadien)\u00a0\u00bb cta_1_text=\u00a0\u00bbJoin Now\u00a0\u00bb icon_iconsmind=\u00a0\u00bbiconsmind-Identification-Badge\u00a0\u00bb cta_1_url=\u00a0\u00bbhttps:\/\/casim.ca\/register\/student-member-undergraduate\/\u00a0\u00bb col_3_content=\u00a0\u00bb$80\/2ans\u00a0\u00bb][nectar_horizontal_list_item columns=\u00a0\u00bb4&Prime; column_layout_using_4_columns=\u00a0\u00bblarge_first\u00a0\u00bb col_1_text_align=\u00a0\u00bbleft\u00a0\u00bb col_2_text_align=\u00a0\u00bbleft\u00a0\u00bb col_3_text_align=\u00a0\u00bbright\u00a0\u00bb col_4_text_align=\u00a0\u00bbright\u00a0\u00bb col_1_text_element=\u00a0\u00bbh3&Prime; col_2_text_element=\u00a0\u00bbp\u00a0\u00bb col_3_text_element=\u00a0\u00bbh4&Prime; col_4_text_element=\u00a0\u00bbp\u00a0\u00bb font_family=\u00a0\u00bbp\u00a0\u00bb hover_effect=\u00a0\u00bbfull_border\u00a0\u00bb hover_color=\u00a0\u00bbextra-color-1&Prime; border_radius=\u00a0\u00bbnone\u00a0\u00bb icon_family=\u00a0\u00bbiconsmind\u00a0\u00bb icon_size=\u00a0\u00bblarge\u00a0\u00bb col_1_content=\u00a0\u00bbMembres affili\u00e9s\u00a0\u00bb col_2_content=\u00a0\u00bbFacult\u00e9 d&rsquo;une universit\u00e9 non canadienne\u00a0\u00bb cta_1_text=\u00a0\u00bbJoin Now\u00a0\u00bb icon_iconsmind=\u00a0\u00bbiconsmind-Identification-Badge\u00a0\u00bb cta_1_url=\u00a0\u00bbhttps:\/\/casim.ca\/register\/affiliated-member-faculty\/\u00a0\u00bb col_3_content=\u00a0\u00bb$250\/2ans\u00a0\u00bb][\/vc_column][\/vc_row]\n","protected":false},"excerpt":{"rendered":"<p>[vc_row type=\u00a0\u00bbin_container\u00a0\u00bb full_screen_row_position=\u00a0\u00bbmiddle\u00a0\u00bb column_margin=\u00a0\u00bbdefault\u00a0\u00bb column_direction=\u00a0\u00bbdefault\u00a0\u00bb column_direction_tablet=\u00a0\u00bbdefault\u00a0\u00bb column_direction_phone=\u00a0\u00bbdefault\u00a0\u00bb scene_position=\u00a0\u00bbcenter\u00a0\u00bb top_padding=\u00a0\u00bb3%\u00a0\u00bb text_color=\u00a0\u00bbdark\u00a0\u00bb text_align=\u00a0\u00bbleft\u00a0\u00bb row_border_radius=\u00a0\u00bbnone\u00a0\u00bb row_border_radius_applies=\u00a0\u00bbbg\u00a0\u00bb overlay_strength=\u00a0\u00bb0.3&Prime; gradient_direction=\u00a0\u00bbleft_to_right\u00a0\u00bb shape_divider_position=\u00a0\u00bbbottom\u00a0\u00bb bg_image_animation=\u00a0\u00bbnone\u00a0\u00bb shape_type=\u00a0\u00bb\u00a0\u00bb][vc_column column_padding=\u00a0\u00bbno-extra-padding\u00a0\u00bb column_padding_tablet=\u00a0\u00bbinherit\u00a0\u00bb column_padding_phone=\u00a0\u00bbinherit\u00a0\u00bb column_padding_position=\u00a0\u00bball\u00a0\u00bb column_element_spacing=\u00a0\u00bbdefault\u00a0\u00bb background_color_opacity=\u00a0\u00bb1&Prime; background_hover_color_opacity=\u00a0\u00bb1&Prime; column_shadow=\u00a0\u00bbnone\u00a0\u00bb column_border_radius=\u00a0\u00bbnone\u00a0\u00bb column_link_target=\u00a0\u00bb_self\u00a0\u00bb gradient_direction=\u00a0\u00bbleft_to_right\u00a0\u00bb overlay_strength=\u00a0\u00bb0.3&Prime;&#8230;<\/p>\n","protected":false},"author":1,"featured_media":0,"parent":0,"menu_order":0,"comment_status":"closed","ping_status":"closed","template":"","meta":{"footnotes":""},"class_list":["post-271","page","type-page","status-publish"],"_links":{"self":[{"href":"https:\/\/casim.ca\/fr\/wp-json\/wp\/v2\/pages\/271","targetHints":{"allow":["GET"]}}],"collection":[{"href":"https:\/\/casim.ca\/fr\/wp-json\/wp\/v2\/pages"}],"about":[{"href":"https:\/\/casim.ca\/fr\/wp-json\/wp\/v2\/types\/page"}],"author":[{"embeddable":true,"href":"https:\/\/casim.ca\/fr\/wp-json\/wp\/v2\/users\/1"}],"replies":[{"embeddable":true,"href":"https:\/\/casim.ca\/fr\/wp-json\/wp\/v2\/comments?post=271"}],"version-history":[{"count":5,"href":"https:\/\/casim.ca\/fr\/wp-json\/wp\/v2\/pages\/271\/revisions"}],"predecessor-version":[{"id":294,"href":"https:\/\/casim.ca\/fr\/wp-json\/wp\/v2\/pages\/271\/revisions\/294"}],"wp:attachment":[{"href":"https:\/\/casim.ca\/fr\/wp-json\/wp\/v2\/media?parent=271"}],"curies":[{"name":"wp","href":"https:\/\/api.w.org\/{rel}","templated":true}]}}