{"id":304,"date":"2022-02-28T14:37:40","date_gmt":"2022-02-28T19:37:40","guid":{"rendered":"https:\/\/casim.ca\/conference-member-form\/"},"modified":"2022-04-03T23:08:41","modified_gmt":"2022-04-04T03:08:41","slug":"conference-member-form","status":"publish","type":"page","link":"https:\/\/casim.ca\/fr\/conference-member-form\/","title":{"rendered":"Conference Member Form"},"content":{"rendered":"[vc_row type=\u00a0\u00bbin_container\u00a0\u00bb full_screen_row_position=\u00a0\u00bbmiddle\u00a0\u00bb column_margin=\u00a0\u00bbdefault\u00a0\u00bb column_direction=\u00a0\u00bbdefault\u00a0\u00bb column_direction_tablet=\u00a0\u00bbdefault\u00a0\u00bb column_direction_phone=\u00a0\u00bbdefault\u00a0\u00bb scene_position=\u00a0\u00bbcenter\u00a0\u00bb text_color=\u00a0\u00bbdark\u00a0\u00bb text_align=\u00a0\u00bbleft\u00a0\u00bb row_border_radius=\u00a0\u00bbnone\u00a0\u00bb row_border_radius_applies=\u00a0\u00bbbg\u00a0\u00bb overlay_strength=\u00a0\u00bb0.3&Prime; gradient_direction=\u00a0\u00bbleft_to_right\u00a0\u00bb shape_divider_position=\u00a0\u00bbbottom\u00a0\u00bb bg_image_animation=\u00a0\u00bbnone\u00a0\u00bb][vc_column column_padding=\u00a0\u00bbno-extra-padding\u00a0\u00bb column_padding_tablet=\u00a0\u00bbinherit\u00a0\u00bb column_padding_phone=\u00a0\u00bbinherit\u00a0\u00bb column_padding_position=\u00a0\u00bball\u00a0\u00bb column_element_spacing=\u00a0\u00bbdefault\u00a0\u00bb background_color_opacity=\u00a0\u00bb1&Prime; background_hover_color_opacity=\u00a0\u00bb1&Prime; column_shadow=\u00a0\u00bbnone\u00a0\u00bb column_border_radius=\u00a0\u00bbnone\u00a0\u00bb column_link_target=\u00a0\u00bb_self\u00a0\u00bb gradient_direction=\u00a0\u00bbleft_to_right\u00a0\u00bb overlay_strength=\u00a0\u00bb0.3&Prime; width=\u00a0\u00bb1\/6&Prime; tablet_width_inherit=\u00a0\u00bbdefault\u00a0\u00bb tablet_text_alignment=\u00a0\u00bbdefault\u00a0\u00bb phone_text_alignment=\u00a0\u00bbdefault\u00a0\u00bb bg_image_animation=\u00a0\u00bbnone\u00a0\u00bb border_type=\u00a0\u00bbsimple\u00a0\u00bb column_border_width=\u00a0\u00bbnone\u00a0\u00bb column_border_style=\u00a0\u00bbsolid\u00a0\u00bb][\/vc_column][vc_column column_padding=\u00a0\u00bbpadding-4-percent\u00a0\u00bb column_padding_tablet=\u00a0\u00bbinherit\u00a0\u00bb column_padding_phone=\u00a0\u00bbinherit\u00a0\u00bb column_padding_position=\u00a0\u00bball\u00a0\u00bb column_element_spacing=\u00a0\u00bbdefault\u00a0\u00bb background_color_opacity=\u00a0\u00bb1&Prime; background_hover_color_opacity=\u00a0\u00bb1&Prime; column_shadow=\u00a0\u00bbmedium_depth\u00a0\u00bb column_border_radius=\u00a0\u00bbnone\u00a0\u00bb column_link_target=\u00a0\u00bb_self\u00a0\u00bb gradient_direction=\u00a0\u00bbleft_to_right\u00a0\u00bb overlay_strength=\u00a0\u00bb0.3&Prime; width=\u00a0\u00bb2\/3&Prime; tablet_width_inherit=\u00a0\u00bbdefault\u00a0\u00bb tablet_text_alignment=\u00a0\u00bbdefault\u00a0\u00bb phone_text_alignment=\u00a0\u00bbdefault\u00a0\u00bb bg_image_animation=\u00a0\u00bbnone\u00a0\u00bb border_type=\u00a0\u00bbsimple\u00a0\u00bb column_border_width=\u00a0\u00bbnone\u00a0\u00bb column_border_style=\u00a0\u00bbsolid\u00a0\u00bb][vc_column_text]\n<h2 style=\"text-align: center;\">Inscription \u00e0 la conf\u00e9rence CASIM<br \/>\n(Pour les Membres)<\/h2>\n[\/vc_column_text]<div class=\"wpforms-container wpforms-container-full wpforms-stripe\" id=\"wpforms-286\"><form id=\"wpforms-form-286\" class=\"wpforms-validate wpforms-form wpforms-ajax-form\" data-formid=\"286\" method=\"post\" enctype=\"multipart\/form-data\" action=\"\/fr\/wp-json\/wp\/v2\/pages\/304\" data-token=\"858c050d78c9ca95264b69e4e352e67b\" data-token-time=\"1776795235\"><noscript class=\"wpforms-error-noscript\">Veuillez activer JavaScript dans votre navigateur pour remplir ce formulaire.<\/noscript><div class=\"wpforms-field-container\"><div id=\"wpforms-286-field_10-container\" class=\"wpforms-field wpforms-field-payment-multiple\" data-field-id=\"10\"><label class=\"wpforms-field-label\" for=\"wpforms-286-field_10\">Choisissez votre inscription <span class=\"wpforms-required-label\">*<\/span><\/label><ul id=\"wpforms-286-field_10\" class=\"wpforms-field-required\"><li class=\"choice-2\"><input type=\"radio\" id=\"wpforms-286-field_10_2\" class=\"wpforms-payment-price\" data-amount=\"5.00\" name=\"wpforms[fields][10]\" value=\"2\" required ><label class=\"wpforms-field-label-inline\" for=\"wpforms-286-field_10_2\">\u00c9tudiant (dipl\u00f4m\u00e9 ou premier cycle) - &#036;5.00<\/label><\/li><li class=\"choice-3\"><input type=\"radio\" id=\"wpforms-286-field_10_3\" class=\"wpforms-payment-price\" data-amount=\"20.00\" name=\"wpforms[fields][10]\" value=\"3\" required ><label class=\"wpforms-field-label-inline\" for=\"wpforms-286-field_10_3\">Postdoc ou Travail hors de l'acad\u00e9mie - &#036;20.00<\/label><\/li><li class=\"choice-1\"><input type=\"radio\" id=\"wpforms-286-field_10_1\" class=\"wpforms-payment-price\" data-amount=\"40.00\" name=\"wpforms[fields][10]\" value=\"1\" required ><label class=\"wpforms-field-label-inline\" for=\"wpforms-286-field_10_1\">Le personnel de la facult\u00e9 - &#036;40.00<\/label><\/li><\/ul><\/div><div id=\"wpforms-286-field_1-container\" class=\"wpforms-field wpforms-field-name\" data-field-id=\"1\"><label class=\"wpforms-field-label\" for=\"wpforms-286-field_1\">Nom <span class=\"wpforms-required-label\">*<\/span><\/label><div class=\"wpforms-field-row wpforms-field-medium\"><div class=\"wpforms-field-row-block wpforms-first wpforms-one-half\"><input type=\"text\" id=\"wpforms-286-field_1\" class=\"wpforms-field-name-first wpforms-field-required\" name=\"wpforms[fields][1][first]\" placeholder=\"Pr\u00e9nom\" required><label for=\"wpforms-286-field_1\" class=\"wpforms-field-sublabel after wpforms-sublabel-hide\">Pr\u00e9nom<\/label><\/div><div class=\"wpforms-field-row-block wpforms-one-half\"><input type=\"text\" id=\"wpforms-286-field_1-last\" class=\"wpforms-field-name-last wpforms-field-required\" name=\"wpforms[fields][1][last]\" placeholder=\"nom de famille\" required><label for=\"wpforms-286-field_1-last\" class=\"wpforms-field-sublabel after wpforms-sublabel-hide\">Nom<\/label><\/div><\/div><\/div><div id=\"wpforms-286-field_2-container\" class=\"wpforms-field wpforms-field-email\" data-field-id=\"2\"><label class=\"wpforms-field-label\" for=\"wpforms-286-field_2\">Email <span class=\"wpforms-required-label\">*<\/span><\/label><div class=\"wpforms-field-row wpforms-field-medium\"><div class=\"wpforms-field-row-block wpforms-one-half wpforms-first\"><input type=\"email\" id=\"wpforms-286-field_2\" class=\"wpforms-field-required wpforms-field-email-primary\" name=\"wpforms[fields][2][primary]\" placeholder=\"email\" spellcheck=\"false\" required><label for=\"wpforms-286-field_2\" class=\"wpforms-field-sublabel after wpforms-sublabel-hide\">E-mail<\/label><\/div><div class=\"wpforms-field-row-block wpforms-one-half\"><input type=\"email\" id=\"wpforms-286-field_2-secondary\" class=\"wpforms-field-email-secondary wpforms-field-required\" data-rule-confirm=\"#wpforms-286-field_2\" name=\"wpforms[fields][2][secondary]\" placeholder=\"confirmez votre email\" spellcheck=\"false\" required><label for=\"wpforms-286-field_2-secondary\" class=\"wpforms-field-sublabel after wpforms-sublabel-hide\">Confirmez l\u2019e-mail<\/label><\/div><\/div><\/div><div id=\"wpforms-286-field_8-container\" class=\"wpforms-field wpforms-field-stripe-credit-card\" data-field-id=\"8\"><label class=\"wpforms-field-label\">Carte de cr\u00e9dit <span class=\"wpforms-required-label\">*<\/span><\/label><div class=\"wpforms-field-row wpforms-field-medium\"><div class=\"wpforms-field-stripe-credit-card-number\"><div id=\"wpforms-286-field_8\" class=\"wpforms-field-stripe-credit-card-cardnumber wpforms-field-required\" data-required=\"required\"><!-- a Stripe Element will be inserted here. --><\/div><input type=\"text\" class=\"wpforms-stripe-credit-card-hidden-input\" name=\"wpforms[stripe-credit-card-hidden-input-286]\" disabled style=\"display: none;\"><label  class=\"wpforms-field-sublabel after wpforms-sublabel-hide\">Carte<\/label><\/div><\/div><div class=\"wpforms-field-row wpforms-field-medium\"><div class=\"wpforms-field-stripe-credit-card-name\"><input type=\"text\" id=\"wpforms-286-field_8-cardname\" class=\"wpforms-field-stripe-credit-card-cardname wpforms-field-required\" name=\"wpforms[stripe-credit-card-cardname]\" placeholder=\"Nom\" required><label for=\"wpforms-286-field_8-cardname\" class=\"wpforms-field-sublabel after wpforms-sublabel-hide\">Nom sur la carte<\/label><\/div><\/div><\/div><div id=\"wpforms-286-field_6-container\" class=\"wpforms-field wpforms-field-payment-total\" data-field-id=\"6\"><label class=\"wpforms-field-label\">Montant total<\/label><div class=\"wpforms-payment-total\" style=\"\">&#036;0.00<\/div><input type=\"hidden\" id=\"wpforms-286-field_6\" class=\"wpforms-payment-total\" name=\"wpforms[fields][6]\" value=\"0\"><\/div><\/div><!-- .wpforms-field-container --><div class=\"wpforms-submit-container\" ><input type=\"hidden\" name=\"wpforms[id]\" value=\"286\"><input type=\"hidden\" name=\"page_title\" value=\"\"><input type=\"hidden\" name=\"page_url\" value=\"https:\/\/casim.ca\/fr\/wp-json\/wp\/v2\/pages\/304\"><button type=\"submit\" name=\"wpforms[submit]\" id=\"wpforms-submit-286\" class=\"wpforms-submit\" data-alt-text=\"Envoi en cours...\" data-submit-text=\"soumettre\" aria-live=\"assertive\" value=\"wpforms-submit\">soumettre<\/button><img loading=\"lazy\" decoding=\"async\" src=\"https:\/\/casim.ca\/wp-content\/plugins\/wpforms\/assets\/images\/submit-spin.svg\" class=\"wpforms-submit-spinner\" style=\"display: none;\" width=\"26\" height=\"26\" alt=\"Chargement en cours\"><\/div><\/form><\/div>  <!-- .wpforms-container -->[\/vc_column][vc_column column_padding=\u00a0\u00bbno-extra-padding\u00a0\u00bb column_padding_tablet=\u00a0\u00bbinherit\u00a0\u00bb column_padding_phone=\u00a0\u00bbinherit\u00a0\u00bb column_padding_position=\u00a0\u00bball\u00a0\u00bb column_element_spacing=\u00a0\u00bbdefault\u00a0\u00bb background_color_opacity=\u00a0\u00bb1&Prime; background_hover_color_opacity=\u00a0\u00bb1&Prime; column_shadow=\u00a0\u00bbnone\u00a0\u00bb column_border_radius=\u00a0\u00bbnone\u00a0\u00bb column_link_target=\u00a0\u00bb_self\u00a0\u00bb gradient_direction=\u00a0\u00bbleft_to_right\u00a0\u00bb overlay_strength=\u00a0\u00bb0.3&Prime; width=\u00a0\u00bb1\/6&Prime; tablet_width_inherit=\u00a0\u00bbdefault\u00a0\u00bb tablet_text_alignment=\u00a0\u00bbdefault\u00a0\u00bb phone_text_alignment=\u00a0\u00bbdefault\u00a0\u00bb bg_image_animation=\u00a0\u00bbnone\u00a0\u00bb border_type=\u00a0\u00bbsimple\u00a0\u00bb column_border_width=\u00a0\u00bbnone\u00a0\u00bb column_border_style=\u00a0\u00bbsolid\u00a0\u00bb][\/vc_column][\/vc_row]\n","protected":false},"excerpt":{"rendered":"<p>[vc_row type=\u00a0\u00bbin_container\u00a0\u00bb full_screen_row_position=\u00a0\u00bbmiddle\u00a0\u00bb column_margin=\u00a0\u00bbdefault\u00a0\u00bb column_direction=\u00a0\u00bbdefault\u00a0\u00bb column_direction_tablet=\u00a0\u00bbdefault\u00a0\u00bb column_direction_phone=\u00a0\u00bbdefault\u00a0\u00bb scene_position=\u00a0\u00bbcenter\u00a0\u00bb text_color=\u00a0\u00bbdark\u00a0\u00bb text_align=\u00a0\u00bbleft\u00a0\u00bb row_border_radius=\u00a0\u00bbnone\u00a0\u00bb row_border_radius_applies=\u00a0\u00bbbg\u00a0\u00bb overlay_strength=\u00a0\u00bb0.3&Prime; gradient_direction=\u00a0\u00bbleft_to_right\u00a0\u00bb shape_divider_position=\u00a0\u00bbbottom\u00a0\u00bb bg_image_animation=\u00a0\u00bbnone\u00a0\u00bb][vc_column column_padding=\u00a0\u00bbno-extra-padding\u00a0\u00bb column_padding_tablet=\u00a0\u00bbinherit\u00a0\u00bb column_padding_phone=\u00a0\u00bbinherit\u00a0\u00bb column_padding_position=\u00a0\u00bball\u00a0\u00bb column_element_spacing=\u00a0\u00bbdefault\u00a0\u00bb background_color_opacity=\u00a0\u00bb1&Prime; background_hover_color_opacity=\u00a0\u00bb1&Prime; column_shadow=\u00a0\u00bbnone\u00a0\u00bb column_border_radius=\u00a0\u00bbnone\u00a0\u00bb column_link_target=\u00a0\u00bb_self\u00a0\u00bb gradient_direction=\u00a0\u00bbleft_to_right\u00a0\u00bb overlay_strength=\u00a0\u00bb0.3&Prime; width=\u00a0\u00bb1\/6&Prime; tablet_width_inherit=\u00a0\u00bbdefault\u00a0\u00bb&#8230;<\/p>\n","protected":false},"author":1,"featured_media":0,"parent":0,"menu_order":0,"comment_status":"closed","ping_status":"closed","template":"","meta":{"footnotes":""},"class_list":["post-304","page","type-page","status-publish"],"_links":{"self":[{"href":"https:\/\/casim.ca\/fr\/wp-json\/wp\/v2\/pages\/304","targetHints":{"allow":["GET"]}}],"collection":[{"href":"https:\/\/casim.ca\/fr\/wp-json\/wp\/v2\/pages"}],"about":[{"href":"https:\/\/casim.ca\/fr\/wp-json\/wp\/v2\/types\/page"}],"author":[{"embeddable":true,"href":"https:\/\/casim.ca\/fr\/wp-json\/wp\/v2\/users\/1"}],"replies":[{"embeddable":true,"href":"https:\/\/casim.ca\/fr\/wp-json\/wp\/v2\/comments?post=304"}],"version-history":[{"count":2,"href":"https:\/\/casim.ca\/fr\/wp-json\/wp\/v2\/pages\/304\/revisions"}],"predecessor-version":[{"id":306,"href":"https:\/\/casim.ca\/fr\/wp-json\/wp\/v2\/pages\/304\/revisions\/306"}],"wp:attachment":[{"href":"https:\/\/casim.ca\/fr\/wp-json\/wp\/v2\/media?parent=304"}],"curies":[{"name":"wp","href":"https:\/\/api.w.org\/{rel}","templated":true}]}}